{"id":1674,"date":"2025-04-29T20:52:23","date_gmt":"2025-04-29T18:52:23","guid":{"rendered":"https:\/\/www.france-contentieux.com\/?page_id=1674"},"modified":"2025-06-16T15:56:36","modified_gmt":"2025-06-16T13:56:36","slug":"debtor-access","status":"publish","type":"page","link":"https:\/\/www.france-contentieux.com\/en\/debtor-access\/","title":{"rendered":"Debtor access"},"content":{"rendered":"<div data-elementor-type=\"wp-page\" data-elementor-id=\"1674\" class=\"elementor elementor-1674\" data-elementor-post-type=\"page\">\n\t\t\t\t<div class=\"elementor-element elementor-element-adea74c e-flex e-con-boxed e-con e-parent\" data-id=\"adea74c\" data-element_type=\"container\" data-e-type=\"container\">\n\t\t\t\t\t<div class=\"e-con-inner\">\n\t\t\t\t<div class=\"elementor-element elementor-element-0da9e55 elementor-widget elementor-widget-heading\" data-id=\"0da9e55\" data-element_type=\"widget\" data-e-type=\"widget\" data-widget_type=\"heading.default\">\n\t\t\t\t<div class=\"elementor-widget-container\">\n\t\t\t\t\t<h1 class=\"elementor-heading-title elementor-size-default\">Debtor access<\/h1>\t\t\t\t<\/div>\n\t\t\t\t<\/div>\n\t\t\t\t<div class=\"elementor-element elementor-element-de1b50e elementor-widget elementor-widget-shortcode\" data-id=\"de1b50e\" data-element_type=\"widget\" data-e-type=\"widget\" data-widget_type=\"shortcode.default\">\n\t\t\t\t<div class=\"elementor-widget-container\">\n\t\t\t\t\t\t\t<div class=\"elementor-shortcode\"><div class=\"fc-payment-form\" data-form-type=\"fc\">\n\t<div class=\"fc-payment-form-inner\">\n\t\t<div class=\"fc-payment-form-step\" data-step=\"init\" aria-current=\"step\">\n\t\t\t<h2>Merci de vous identifier en saisissant les informations ci-dessous.<\/h2>\n\t\t\t<form method=\"action\" type=\"post\" action=\"\">\n\t\t\t\t<div class=\"input-line\">\n\t\t\t\t\t<label for=\"fcp-folder\">R\u00e9f\u00e9rence du dossier<\/label>\n\t\t\t\t\t<input type=\"text\" id=\"fcp-folder\" name=\"folder\" placeholder=\"1234567\" required>\n\t\t\t\t<\/div>\n\t\t\t\t<div class=\"input-line\">\n\t\t\t\t\t<label for=\"fcp-name\">3 premi\u00e8res lettre du nom associ\u00e9 au dossier<\/label>\n\t\t\t\t\t<input type=\"text\" id=\"fcp-name\" name=\"name\" placeholder=\"ROB\" required>\n\t\t\t\t<\/div>\n\t\t\t\t<div class=\"input-line submit\">\n\t\t\t\t\t<button type=\"submit\">\n\t\t\t\t\t\tRechercher\t\t\t\t\t<\/button>\n\t\t\t\t<\/div>\n\t\t\t\t<div class=\"form-info\">\n\t\t\t\t\tLes champs marqu\u00e9s par une \u00e9toile * sont obligatoires.\t\t\t\t<\/div>\n\t\t\t<input type=\"hidden\" name=\"trp-form-language\" value=\"en\"\/><\/form>\n\t\t<\/div>\n\t\t<div class=\"fc-payment-form-step\" data-step=\"folder\">\n\t\t\t<h2>V\u00e9rification de votre dossier.<\/h2>\n\t\t\t<div class=\"fc-payment-form-message\">\n\t\t\t\tLe dossier n\u00b0<strong class=\"folder\"><\/strong> correspond \u00e0 une cr\u00e9ance de <strong class=\"firstname\"><\/strong> <strong class=\"lastname\"><\/strong>, d'un montant de <strong class=\"price\"><\/strong>\u20ac.<br \/>Si ceci est bien conforme \u00e0 la cr\u00e9ance que vous souhaitez r\u00e9gulariser, merci de passer \u00e0 l'\u00e9tape suivante. Sinon, merci de contacter nos services.\t\t\t<\/div>\n\t\t\t<div class=\"fc-payment-form-buttons\">\n\t\t\t\t<button type=\"button\" data-action=\"cancel\">\n\t\t\t\t\tAbandon\t\t\t\t<\/button>\n\t\t\t\t<button type=\"button\" data-action=\"pay\">\n\t\t\t\t\tPayer\t\t\t\t<\/button>\n\t\t\t<\/div>\n\t\t\t<div class=\"fc-payment-form-message-custom\"><\/div>\n\t\t<\/div>\n\t\t<div class=\"fc-payment-form-step\" data-step=\"validate\">\n\t\t\t<h2>Formulaire de paiement.<\/h2>\n\t\t\t<form method=\"action\" type=\"post\" class=\"payment-form\" action=\"\">\n\t\t\t\t<div class=\"input-line noneditable\">\n\t\t\t\t\t<label for=\"fcp-lastname\">Name<\/label>\n\t\t\t\t\t<input type=\"text\" id=\"fcp-lastname\" name=\"lastname\" placeholder=\"Non renseign\u00e9\" readonly>\n\t\t\t\t\t<span class=\"instruction\">Non modifiable<\/span>\n\t\t\t\t<\/div>\n\t\t\t\t<div class=\"input-line noneditable\">\n\t\t\t\t\t<label for=\"fcp-firstname\">First name<\/label>\n\t\t\t\t\t<input type=\"text\" id=\"fcp-firstname\" name=\"firstname\" placeholder=\"Non renseign\u00e9\" readonly>\n\t\t\t\t\t<span class=\"instruction\">Non modifiable<\/span>\n\t\t\t\t<\/div>\n\t\t\t\t<div class=\"input-line required noneditable\">\n\t\t\t\t\t<label for=\"fcp-folder\">Dossier<\/label>\n\t\t\t\t\t<input type=\"text\" id=\"fcp-folder\" name=\"folder\" placeholder=\"1234567\" required readonly>\n\t\t\t\t\t<span class=\"instruction\">Non modifiable<\/span>\n\t\t\t\t<\/div>\n\t\t\t\t<div class=\"input-line required\">\n\t\t\t\t\t<label for=\"fcp-price\">Montant<\/label>\n\t\t\t\t\t<input type=\"text\" id=\"fcp-price\" name=\"price\" placeholder=\"58,90\" required>\n\t\t\t\t<\/div>\n\t\t\t\t<div class=\"input-line required\">\n\t\t\t\t\t<label for=\"fcp-address1\">Adresse<\/label>\n\t\t\t\t\t<input type=\"text\" id=\"fcp-address1\" name=\"address1\" placeholder=\"123 rue de la Paix\" required>\n\t\t\t\t<\/div>\n\t\t\t\t<div class=\"input-line\">\n\t\t\t\t\t<label for=\"fcp-address2\">Compl\u00e9ment d&#039;adresse<\/label>\n\t\t\t\t\t<input type=\"text\" id=\"fcp-address2\" name=\"address2\" placeholder=\"Appartement 4B\">\n\t\t\t\t<\/div>\n\t\t\t\t<div class=\"input-line required\">\n\t\t\t\t\t<label for=\"fcp-zipcode\">Code postal<\/label>\n\t\t\t\t\t<input type=\"text\" id=\"fcp-zipcode\" name=\"zipcode\" placeholder=\"75001\" required>\n\t\t\t\t<\/div>\n\t\t\t\t<div class=\"input-line required\">\n\t\t\t\t\t<label for=\"fcp-city\">Ville<\/label>\n\t\t\t\t\t<input type=\"text\" id=\"fcp-city\" name=\"city\" placeholder=\"Paris\" required>\n\t\t\t\t<\/div>\n\t\t\t\t<div class=\"input-line required noneditable\">\n\t\t\t\t\t<label for=\"fcp-country-display\">Pays<\/label>\n\t\t\t\t\t<input type=\"text\" id=\"fcp-country-display\" value=\"France\" readonly>\n\t\t\t\t\t<input type=\"hidden\" id=\"fcp-country\" name=\"country\" value=\"250\">\n\t\t\t\t\t<span class=\"instruction\">Non modifiable<\/span>\n\t\t\t\t<\/div>\n\t\t\t\t<div class=\"input-line required\">\n\t\t\t\t\t<label for=\"fcp-mobile\">T\u00e9l\u00e9phone mobile<\/label>\n\t\t\t\t\t<input type=\"tel\" id=\"fcp-mobile\" name=\"mobile\" placeholder=\"+33612345678\" required>\n\t\t\t\t\t<input type=\"hidden\" id=\"fcp-mobile-country\" name=\"mobile_country\" value=\"+33\">\n\t\t\t\t<\/div>\n\t\t\t\t<div class=\"input-line checkbox\">\n\t\t\t\t\t<label>\n\t\t\t\t\t\t<input type=\"checkbox\" name=\"sendmail\" value=\"1\">\n\t\t\t\t\t\t<span class=\"text\">Je souhaite une confirmation de mon paiement par email<\/span>\n\t\t\t\t\t<\/label>\n\t\t\t\t<\/div>\n\t\t\t\t<div class=\"input-line required\" aria-expanded=\"false\">\n\t\t\t\t\t<label for=\"fcp-mail\">Mail<\/label>\n\t\t\t\t\t<input type=\"text\" id=\"fcp-mail\" name=\"mail\" placeholder=\"robert.roger@gmail.com\">\n\t\t\t\t<\/div>\n\t\t\t\t<div class=\"input-line checkbox\">\n\t\t\t\t\t<label>\n\t\t\t\t\t\t<input type=\"checkbox\" name=\"rgpd\" value=\"1\">\n\t\t\t\t\t\t<span class=\"text\">J&#039;accepte la <a href=\"https:\/\/www.france-contentieux.com\/en\/politique-de-confidentialite-et-cookies\/\" target=\"_blank\">Politique de confidentialit\u00e9<\/a><\/span>\n\t\t\t\t\t<\/label>\n\t\t\t\t<\/div>\n\t\t\t\t<div class=\"input-line submit\">\n\t\t\t\t\t<input type=\"hidden\" name=\"payment_uid\">\n\n\t\t\t\t\t<button type=\"submit\">\n\t\t\t\t\t\tSend\t\t\t\t\t<\/button>\n\t\t\t\t<\/div>\n\t\t\t\t<div class=\"form-info\">\n\t\t\t\t\tLes champs marqu\u00e9s par une \u00e9toile * sont obligatoires.\t\t\t\t<\/div>\n\t\t\t\t<div class=\"paybox-logo\">\n\t\t\t\t\t<img decoding=\"async\" width=\"100px\" height=\"100px\" src=\"https:\/\/www.france-contentieux.com\/wp-content\/plugins\/galopins-fc\/dist\/images\/paybox.png'\" alt=\"S\u00e9curis\u00e9 par Paybox'\">\n\t\t\t\t<\/div>\n\t\t\t<input type=\"hidden\" name=\"trp-form-language\" value=\"en\"\/><\/form>\n\n\t\t\t<form action=\"#\" method=\"POST\" class=\"paybox-form\" data-trp-original-action=\"#\">\n\t\t\t\t<input name=\"PBX_SITE\" type=\"hidden\" value=\"\">\n\t\t\t\t<input name=\"PBX_RANG\" type=\"hidden\" value=\"\">\n\t\t\t\t<input name=\"PBX_IDENTIFIANT\" type=\"hidden\" value=\"\">\n\t\t\t\t<input name=\"PBX_TOTAL\" type=\"hidden\" value=\"\">\n\t\t\t\t<input name=\"PBX_DEVISE\" type=\"hidden\" value=\"\">\n\t\t\t\t<input name=\"PBX_CMD\" type=\"hidden\" value=\"\">\n\t\t\t\t<input name=\"PBX_PORTEUR\" type=\"hidden\" value=\"\">\n\t\t\t\t<input name=\"PBX_RETOUR\" type=\"hidden\" value=\"\">\n\t\t\t\t<input name=\"PBX_HASH\" type=\"hidden\" value=\"\">\n\t\t\t\t<input name=\"PBX_TIME\" type=\"hidden\" value=\"\">\n\t\t\t\t<input name=\"PBX_EFFECTUE\" type=\"hidden\" value=\"\">\n\t\t\t\t<input name=\"PBX_REFUSE\" type=\"hidden\" value=\"\">\n\t\t\t\t<input name=\"PBX_ANNULE\" type=\"hidden\" value=\"\">\n\t\t\t\t<input name=\"PBX_ATTENTE\" type=\"hidden\" value=\"\">\n\t\t\t\t<!--<input name=\"PBX_REPONDRE_A\" type=\"hidden\" value=\"\">-->\n\t\t\t\t<input name=\"PBX_BILLING\" type=\"hidden\" value=\"\">\n\t\t\t\t<input name=\"PBX_SHOPPINGCART\" type=\"hidden\" value=\"\">\n\t\t\t\t<input name=\"PBX_HMAC\" type=\"hidden\" value=\"\">\n\t\t\t<input type=\"hidden\" name=\"trp-form-language\" value=\"en\"\/><\/form>\n\t\t<\/div>\n\t\t<div class=\"fc-payment-form-step\" data-step=\"end\">\n\t\t\t\t\t\t<div class=\"fc-payment-form-buttons\">\n\t\t\t\t<button type=\"button\" data-action=\"cancel\">\n\t\t\t\t\tRetourner au formulaire\t\t\t\t<\/button>\n\t\t\t<\/div>\n\t\t\t<div class=\"fc-payment-form-message-custom\"><\/div>\n\t\t<\/div>\n\t<\/div>\n\t<div class=\"fc-payment-form-loader\">\n\t\t<div class=\"fc-payment-form-loader-inner\">\n\t\t\t<div class=\"fc-loader\"><\/div>\n\t\t\t<div class=\"fc-loader-text\">Merci de patienter...<\/div>\n\t\t<\/div>\n\t<\/div>\n<\/div>\n<\/div>\n\t\t\t\t\t\t<\/div>\n\t\t\t\t<\/div>\n\t\t\t\t\t<\/div>\n\t\t\t\t<\/div>\n\t\t\t\t<\/div>","protected":false},"excerpt":{"rendered":"<p>Debtor access<\/p>","protected":false},"author":1,"featured_media":0,"parent":0,"menu_order":0,"comment_status":"closed","ping_status":"closed","template":"","meta":{"_acf_changed":false,"footnotes":""},"class_list":["post-1674","page","type-page","status-publish","hentry"],"acf":[],"yoast_head":"<!-- This site is optimized with the Yoast SEO plugin v27.3 - https:\/\/yoast.com\/product\/yoast-seo-wordpress\/ -->\n<title>Acc\u00e8s d\u00e9biteur | Paiement de cr\u00e9ances | France Contentieux<\/title>\n<meta name=\"description\" content=\"Espace d\u00e9biteur France Contentieux : consultez et r\u00e9glez vos dettes en ligne en toute s\u00e9curit\u00e9 et confidentialit\u00e9.\" \/>\n<meta name=\"robots\" content=\"index, follow, max-snippet:-1, max-image-preview:large, max-video-preview:-1\" \/>\n<link rel=\"canonical\" href=\"https:\/\/www.france-contentieux.com\/en\/debtor-access\/\" \/>\n<meta property=\"og:locale\" content=\"en_US\" \/>\n<meta property=\"og:type\" content=\"article\" \/>\n<meta property=\"og:title\" content=\"Acc\u00e8s d\u00e9biteur | Paiement de cr\u00e9ances | France Contentieux\" \/>\n<meta property=\"og:description\" content=\"Espace d\u00e9biteur France Contentieux : consultez et r\u00e9glez vos dettes en ligne en toute s\u00e9curit\u00e9 et confidentialit\u00e9.\" \/>\n<meta property=\"og:url\" content=\"https:\/\/www.france-contentieux.com\/en\/debtor-access\/\" \/>\n<meta property=\"og:site_name\" content=\"France Contentieux\" \/>\n<meta property=\"article:modified_time\" content=\"2025-06-16T13:56:36+00:00\" \/>\n<meta name=\"twitter:card\" content=\"summary_large_image\" \/>\n<meta name=\"twitter:label1\" content=\"Est. reading time\" \/>\n\t<meta name=\"twitter:data1\" content=\"1 minute\" \/>\n<script type=\"application\/ld+json\" class=\"yoast-schema-graph\">{\"@context\":\"https:\\\/\\\/schema.org\",\"@graph\":[{\"@type\":\"WebPage\",\"@id\":\"https:\\\/\\\/www.france-contentieux.com\\\/acces-debiteur\\\/\",\"url\":\"https:\\\/\\\/www.france-contentieux.com\\\/acces-debiteur\\\/\",\"name\":\"Acc\u00e8s d\u00e9biteur | Paiement de cr\u00e9ances | France Contentieux\",\"isPartOf\":{\"@id\":\"https:\\\/\\\/www.france-contentieux.com\\\/#website\"},\"datePublished\":\"2025-04-29T18:52:23+00:00\",\"dateModified\":\"2025-06-16T13:56:36+00:00\",\"description\":\"Espace d\u00e9biteur France Contentieux : consultez et r\u00e9glez vos dettes en ligne en toute s\u00e9curit\u00e9 et confidentialit\u00e9.\",\"breadcrumb\":{\"@id\":\"https:\\\/\\\/www.france-contentieux.com\\\/acces-debiteur\\\/#breadcrumb\"},\"inLanguage\":\"en-US\",\"potentialAction\":[{\"@type\":\"ReadAction\",\"target\":[\"https:\\\/\\\/www.france-contentieux.com\\\/acces-debiteur\\\/\"]}]},{\"@type\":\"BreadcrumbList\",\"@id\":\"https:\\\/\\\/www.france-contentieux.com\\\/acces-debiteur\\\/#breadcrumb\",\"itemListElement\":[{\"@type\":\"ListItem\",\"position\":1,\"name\":\"Accueil\",\"item\":\"https:\\\/\\\/www.france-contentieux.com\\\/\"},{\"@type\":\"ListItem\",\"position\":2,\"name\":\"Acc\u00e8s d\u00e9biteur\"}]},{\"@type\":\"WebSite\",\"@id\":\"https:\\\/\\\/www.france-contentieux.com\\\/#website\",\"url\":\"https:\\\/\\\/www.france-contentieux.com\\\/\",\"name\":\"France Contentieux\",\"description\":\"\",\"publisher\":{\"@id\":\"https:\\\/\\\/www.france-contentieux.com\\\/#organization\"},\"potentialAction\":[{\"@type\":\"SearchAction\",\"target\":{\"@type\":\"EntryPoint\",\"urlTemplate\":\"https:\\\/\\\/www.france-contentieux.com\\\/?s={search_term_string}\"},\"query-input\":{\"@type\":\"PropertyValueSpecification\",\"valueRequired\":true,\"valueName\":\"search_term_string\"}}],\"inLanguage\":\"en-US\"},{\"@type\":\"Organization\",\"@id\":\"https:\\\/\\\/www.france-contentieux.com\\\/#organization\",\"name\":\"France Contentieux\",\"url\":\"https:\\\/\\\/www.france-contentieux.com\\\/\",\"logo\":{\"@type\":\"ImageObject\",\"inLanguage\":\"en-US\",\"@id\":\"https:\\\/\\\/www.france-contentieux.com\\\/#\\\/schema\\\/logo\\\/image\\\/\",\"url\":\"https:\\\/\\\/www.france-contentieux.com\\\/wp-content\\\/uploads\\\/2025\\\/03\\\/Logo-FrContentieux-1.png\",\"contentUrl\":\"https:\\\/\\\/www.france-contentieux.com\\\/wp-content\\\/uploads\\\/2025\\\/03\\\/Logo-FrContentieux-1.png\",\"width\":350,\"height\":121,\"caption\":\"France Contentieux\"},\"image\":{\"@id\":\"https:\\\/\\\/www.france-contentieux.com\\\/#\\\/schema\\\/logo\\\/image\\\/\"}}]}<\/script>\n<!-- \/ Yoast SEO plugin. -->","yoast_head_json":{"title":"Debtor access | Receivables payment | France Contentieux","description":"France Contentieux debtor area: consult and settle your debts online in complete security and confidentiality.","robots":{"index":"index","follow":"follow","max-snippet":"max-snippet:-1","max-image-preview":"max-image-preview:large","max-video-preview":"max-video-preview:-1"},"canonical":"https:\/\/www.france-contentieux.com\/en\/debtor-access\/","og_locale":"en_US","og_type":"article","og_title":"Acc\u00e8s d\u00e9biteur | Paiement de cr\u00e9ances | France Contentieux","og_description":"Espace d\u00e9biteur France Contentieux : consultez et r\u00e9glez vos dettes en ligne en toute s\u00e9curit\u00e9 et confidentialit\u00e9.","og_url":"https:\/\/www.france-contentieux.com\/en\/debtor-access\/","og_site_name":"France Contentieux","article_modified_time":"2025-06-16T13:56:36+00:00","twitter_card":"summary_large_image","twitter_misc":{"Est. reading time":"1 minute"},"schema":{"@context":"https:\/\/schema.org","@graph":[{"@type":"WebPage","@id":"https:\/\/www.france-contentieux.com\/acces-debiteur\/","url":"https:\/\/www.france-contentieux.com\/acces-debiteur\/","name":"Debtor access | Receivables payment | France Contentieux","isPartOf":{"@id":"https:\/\/www.france-contentieux.com\/#website"},"datePublished":"2025-04-29T18:52:23+00:00","dateModified":"2025-06-16T13:56:36+00:00","description":"France Contentieux debtor area: consult and settle your debts online in complete security and confidentiality.","breadcrumb":{"@id":"https:\/\/www.france-contentieux.com\/acces-debiteur\/#breadcrumb"},"inLanguage":"en-US","potentialAction":[{"@type":"ReadAction","target":["https:\/\/www.france-contentieux.com\/acces-debiteur\/"]}]},{"@type":"BreadcrumbList","@id":"https:\/\/www.france-contentieux.com\/acces-debiteur\/#breadcrumb","itemListElement":[{"@type":"ListItem","position":1,"name":"Accueil","item":"https:\/\/www.france-contentieux.com\/"},{"@type":"ListItem","position":2,"name":"Acc\u00e8s d\u00e9biteur"}]},{"@type":"WebSite","@id":"https:\/\/www.france-contentieux.com\/#website","url":"https:\/\/www.france-contentieux.com\/","name":"France Contentieux","description":"","publisher":{"@id":"https:\/\/www.france-contentieux.com\/#organization"},"potentialAction":[{"@type":"SearchAction","target":{"@type":"EntryPoint","urlTemplate":"https:\/\/www.france-contentieux.com\/?s={search_term_string}"},"query-input":{"@type":"PropertyValueSpecification","valueRequired":true,"valueName":"search_term_string"}}],"inLanguage":"en-US"},{"@type":"Organization","@id":"https:\/\/www.france-contentieux.com\/#organization","name":"France Contentieux","url":"https:\/\/www.france-contentieux.com\/","logo":{"@type":"ImageObject","inLanguage":"en-US","@id":"https:\/\/www.france-contentieux.com\/#\/schema\/logo\/image\/","url":"https:\/\/www.france-contentieux.com\/wp-content\/uploads\/2025\/03\/Logo-FrContentieux-1.png","contentUrl":"https:\/\/www.france-contentieux.com\/wp-content\/uploads\/2025\/03\/Logo-FrContentieux-1.png","width":350,"height":121,"caption":"France Contentieux"},"image":{"@id":"https:\/\/www.france-contentieux.com\/#\/schema\/logo\/image\/"}}]}},"_links":{"self":[{"href":"https:\/\/www.france-contentieux.com\/en\/wp-json\/wp\/v2\/pages\/1674","targetHints":{"allow":["GET"]}}],"collection":[{"href":"https:\/\/www.france-contentieux.com\/en\/wp-json\/wp\/v2\/pages"}],"about":[{"href":"https:\/\/www.france-contentieux.com\/en\/wp-json\/wp\/v2\/types\/page"}],"author":[{"embeddable":true,"href":"https:\/\/www.france-contentieux.com\/en\/wp-json\/wp\/v2\/users\/1"}],"replies":[{"embeddable":true,"href":"https:\/\/www.france-contentieux.com\/en\/wp-json\/wp\/v2\/comments?post=1674"}],"version-history":[{"count":0,"href":"https:\/\/www.france-contentieux.com\/en\/wp-json\/wp\/v2\/pages\/1674\/revisions"}],"wp:attachment":[{"href":"https:\/\/www.france-contentieux.com\/en\/wp-json\/wp\/v2\/media?parent=1674"}],"curies":[{"name":"wp","href":"https:\/\/api.w.org\/{rel}","templated":true}]}}